{"id":2859,"date":"2021-11-21T21:08:24","date_gmt":"2021-11-21T20:08:24","guid":{"rendered":"https:\/\/campovecchio.fr\/politique-de-confidentialite\/"},"modified":"2021-11-21T21:08:24","modified_gmt":"2021-11-21T20:08:24","slug":"politique-de-confidentialite","status":"publish","type":"page","link":"https:\/\/campovecchio.fr\/en\/politique-de-confidentialite\/","title":{"rendered":"Mentions l\u00e9gales et Politique de confidentialit\u00e9 (French)"},"content":{"rendered":"\n<h2 class=\"wp-block-heading\">Qui sommes-nous&nbsp;?<\/h2>\n\n\n\n<p>L\u2019adresse de notre site web est&nbsp;: <a href=\"https:\/\/campovecchio.fr\/en\/\" class=\"ek-link\">https:\/\/campovecchio.fr<\/a>.<\/p>\n\n\n\n<h3 class=\"wp-block-heading\">Propri\u00e9taire \/ Editeur du site<\/h3>\n\n\n\n<p>Campo Vecchio<br>Chemin de Caprone &#8211; Route de La Mer<br>20240 Ghisonaccia<br><a href=\"mailto:info@campovecchio.fr\" class=\"ek-link\">info@campovecchio.fr<\/a><\/p>\n\n\n\n<h3 class=\"wp-block-heading\">Webmaster<\/h3>\n\n\n\n<p>Loris Plasson Simoni<br><a href=\"mailto:plasson.loris@gmail.com\" class=\"ek-link\">plasson.loris@gmail.com<\/a><\/p>\n\n\n\n<h3 class=\"wp-block-heading\">H\u00e9bergeur<\/h3>\n\n\n\n<p>OVH<br>2 rue Kellermann<br>59100 Roubaix<\/p>\n\n\n\n<h2 class=\"wp-block-heading\">Utilisation des donn\u00e9es personnelles collect\u00e9es<\/h2>\n\n\n\n<p class=\"has-text-align-justify\"><meta charset=\"utf-8\">Campo Vecchio ne commercialise pas vos donn\u00e9es personnelles qui sont uniquement utilis\u00e9es par n\u00e9cessit\u00e9 ou \u00e0 des fins statistiques et d&#8217;analyses.<\/p>\n\n\n\n<h3 class=\"wp-block-heading\">Commentaires<\/h3>\n\n\n\n<p class=\"has-text-align-justify\">Quand vous laissez un commentaire sur notre site web, les donn\u00e9es inscrites dans le formulaire de commentaire, mais aussi votre adresse IP et l\u2019agent utilisateur de votre navigateur sont collect\u00e9s pour nous aider \u00e0 la d\u00e9tection des commentaires ind\u00e9sirables.<\/p>\n\n\n\n<h3 class=\"wp-block-heading\">Cookies<\/h3>\n\n\n\n<p class=\"has-text-align-justify\">Si vous d\u00e9posez un commentaire sur notre site, il vous sera propos\u00e9 d\u2019enregistrer votre nom, adresse de messagerie et site web dans des cookies. C\u2019est uniquement pour votre confort afin de ne pas avoir \u00e0 saisir ces informations si vous d\u00e9posez un autre commentaire plus tard. Ces cookies expirent au bout d\u2019un an.<\/p>\n\n\n\n<p class=\"has-text-align-justify\">Si vous vous rendez sur la page de connexion, un cookie temporaire sera cr\u00e9\u00e9 afin de d\u00e9terminer si votre navigateur accepte les cookies. Il ne contient pas de donn\u00e9es personnelles et sera supprim\u00e9 automatiquement \u00e0 la fermeture de votre navigateur.<\/p>\n\n\n\n<p class=\"has-text-align-justify\">Lorsque vous vous connecterez, nous mettrons en place un certain nombre de cookies pour enregistrer vos informations de connexion et vos pr\u00e9f\u00e9rences d\u2019\u00e9cran. La dur\u00e9e de vie d\u2019un cookie de connexion est de deux jours, celle d\u2019un cookie d\u2019option d\u2019\u00e9cran est d\u2019un an. Si vous cochez \u00ab&nbsp;Se souvenir de moi&nbsp;\u00bb, votre cookie de connexion sera conserv\u00e9 pendant deux semaines. Si vous vous d\u00e9connectez de votre compte, le cookie de connexion sera effac\u00e9.<\/p>\n\n\n\n<h3 class=\"wp-block-heading\">Contenu embarqu\u00e9 depuis d\u2019autres sites<\/h3>\n\n\n\n<p class=\"has-text-align-justify\">Les articles de ce site peuvent inclure des contenus int\u00e9gr\u00e9s (par exemple des vid\u00e9os, images, articles\u2026). Le contenu int\u00e9gr\u00e9 depuis d\u2019autres sites se comporte de la m\u00eame mani\u00e8re que si le visiteur se rendait sur cet autre site.<\/p>\n\n\n\n<p class=\"has-text-align-justify\">Ces sites web pourraient collecter des donn\u00e9es sur vous, utiliser des cookies, embarquer des outils de suivi tiers, suivre vos interactions avec ces contenus embarqu\u00e9s si vous disposez d\u2019un compte connect\u00e9 sur leur site web.<\/p>\n\n\n\n<h2 class=\"wp-block-heading\">Dur\u00e9es de stockage de vos donn\u00e9es<\/h2>\n\n\n\n<p class=\"has-text-align-justify\">Si vous laissez un commentaire, le commentaire et ses m\u00e9tadonn\u00e9es sont conserv\u00e9s ind\u00e9finiment. Cela permet de reconna\u00eetre et approuver automatiquement les commentaires suivants au lieu de les laisser dans la file de mod\u00e9ration.<\/p>\n\n\n\n<p class=\"has-text-align-justify\">Pour les utilisateurs et utilisatrices qui s\u2019inscrivent sur notre site (si cela est possible), nous stockons \u00e9galement les donn\u00e9es personnelles indiqu\u00e9es dans leur profil. Tous les utilisateurs et utilisatrices peuvent voir, modifier ou supprimer leurs informations personnelles \u00e0 tout moment (\u00e0 l\u2019exception de leur nom d\u2019utilisateur). Les gestionnaires du site peuvent aussi voir et modifier ces informations.<\/p>\n\n\n\n<h2 class=\"wp-block-heading\">Les droits que vous avez sur vos donn\u00e9es<\/h2>\n\n\n\n<p class=\"has-text-align-justify\">Si vous avez un compte ou si vous avez laiss\u00e9 des commentaires sur le site, vous pouvez demander \u00e0 recevoir un fichier contenant toutes les donn\u00e9es personnelles que nous poss\u00e9dons \u00e0 votre sujet, incluant celles que vous nous avez fournies. Vous pouvez \u00e9galement demander la suppression des donn\u00e9es personnelles vous concernant. Cela ne prend pas en compte les donn\u00e9es stock\u00e9es \u00e0 des fins administratives, l\u00e9gales ou pour des raisons de s\u00e9curit\u00e9.<\/p>\n\n\n\n<h2 class=\"wp-block-heading\">Transmission de vos donn\u00e9es personnelles<\/h2>\n\n\n\n<p class=\"has-text-align-justify\">Les commentaires des visiteurs peuvent \u00eatre v\u00e9rifi\u00e9s \u00e0 l\u2019aide d\u2019un service automatis\u00e9 de d\u00e9tection des commentaires ind\u00e9sirables.<\/p>\n\n\n\n<h2 class=\"wp-block-heading\">Informations suppl\u00e9mentaires<\/h2>\n\n\n\n<h3 class=\"wp-block-heading\">Comment nous prot\u00e9geons vos donn\u00e9es<\/h3>\n\n\n\n<p class=\"has-text-align-justify\">Pour assurer la s\u00e9curit\u00e9 et la confidentialit\u00e9 des Donn\u00e9es Personnelles et des Donn\u00e9es Personnelles de Sant\u00e9,<a href=\"http:\/\/campovecchio.fr\" class=\"ek-link\"> https:\/\/campovecchio.fr<\/a>&nbsp;utilise des r\u00e9seaux prot\u00e9g\u00e9s par des dispositifs standards tels que par pare-feu, la pseudonymisation, l\u2019encryption et mot de passe. Lors du traitement des Donn\u00e9es Personnelles,&nbsp;<a href=\"https:\/\/campovecchio.fr\/en\/\" class=\"ek-link\">https:\/\/campovecchio.fr<\/a> prend toutes les mesures raisonnables visant \u00e0 les prot\u00e9ger contre toute perte, utilisation d\u00e9tourn\u00e9e, acc\u00e8s non autoris\u00e9, divulgation, alt\u00e9ration ou destruction.<\/p>\n\n\n\n<h3 class=\"wp-block-heading\">Proc\u00e9dures mises en \u0153uvre en cas de fuite de donn\u00e9es<\/h3>\n\n\n\n<p class=\"has-text-align-justify\">Quels que soient les efforts fournis, aucune m\u00e9thode de transmission sur Internet et aucune m\u00e9thode de stockage \u00e9lectronique n\u2019est compl\u00e8tement s\u00fbre. Nous ne pouvons en cons\u00e9quence pas garantir une s\u00e9curit\u00e9 absolue. Si nous prenions connaissance d\u2019une br\u00e8che de la s\u00e9curit\u00e9, nous avertirions les utilisateurs concern\u00e9s afin qu\u2019ils puissent prendre les mesures appropri\u00e9es. Nos proc\u00e9dures de notification d\u2019incident tiennent compte de nos obligations l\u00e9gales, qu\u2019elles se situent au niveau national ou europ\u00e9en. Nous nous engageons \u00e0 informer pleinement nos clients de toutes les questions relevant de la s\u00e9curit\u00e9 de leur compte et \u00e0 leur fournir toutes les informations n\u00e9cessaires pour les aider \u00e0 respecter leurs propres obligations r\u00e9glementaires en mati\u00e8re de reporting. Aucune information personnelle de l\u2019utilisateur du site&nbsp;<a href=\"https:\/\/campovecchio.fr\/en\/\" class=\"ek-link\">https:\/\/campovecchio.fr<\/a>&nbsp;n\u2019est publi\u00e9e \u00e0 l\u2019insu de l\u2019utilisateur, \u00e9chang\u00e9e, transf\u00e9r\u00e9e, c\u00e9d\u00e9e ou vendue sur un support quelconque \u00e0 des tiers. Seule l\u2019hypoth\u00e8se du rachat de <a href=\"https:\/\/campovecchio.fr\/en\/\" class=\"ek-link\">https:\/\/campovecchio.fr<\/a> et de ses droits permettrait la transmission des dites informations \u00e0 l\u2019\u00e9ventuel acqu\u00e9reur qui serait \u00e0 son tour tenu de la m\u00eame obligation de conservation et de modification des donn\u00e9es vis-\u00e0-vis de l\u2019utilisateur du site<a href=\"http:\/\/campovecchio.fr\" class=\"ek-link\"> <meta charset=\"utf-8\"><\/a><a href=\"https:\/\/campovecchio.fr\/en\/\" class=\"ek-link\">https:\/\/campovecchio.fr<\/a>.<\/p>\n\n\n\n<h2 class=\"wp-block-heading\">Droit applicable et attribution de juridiction<\/h2>\n\n\n\n<p class=\"has-text-align-justify\">Tout litige en relation avec l\u2019utilisation du site&nbsp;<a href=\"https:\/\/campovecchio.fr\/en\/\" class=\"ek-link\">https:\/\/campovecchio.fr<\/a>&nbsp;est soumis au droit fran\u00e7ais. En dehors des cas o\u00f9 la loi ne le permet pas, il est fait attribution exclusive de juridiction aux tribunaux comp\u00e9tents d&#8217;Ajaccio.<\/p>\n","protected":false},"excerpt":{"rendered":"<p>Qui sommes-nous&nbsp;? L\u2019adresse de notre site web est&nbsp;: https:\/\/campovecchio.fr. Propri\u00e9taire \/ Editeur du site Campo VecchioChemin de Caprone &#8211; Route de La Mer20240 Ghisonacciainfo@campovecchio.fr Webmaster Loris Plasson Simoniplasson.loris@gmail.com H\u00e9bergeur OVH2 rue Kellermann59100 Roubaix Utilisation des donn\u00e9es personnelles collect\u00e9es Campo Vecchio ne commercialise pas vos donn\u00e9es personnelles qui sont uniquement utilis\u00e9es par n\u00e9cessit\u00e9 ou \u00e0 des [&hellip;]<\/p>\n","protected":false},"author":1,"featured_media":0,"parent":0,"menu_order":0,"comment_status":"closed","ping_status":"open","template":"","meta":{"footnotes":""},"class_list":["post-2859","page","type-page","status-publish","hentry"],"aioseo_notices":[],"jetpack_sharing_enabled":true,"_links":{"self":[{"href":"https:\/\/campovecchio.fr\/en\/wp-json\/wp\/v2\/pages\/2859","targetHints":{"allow":["GET"]}}],"collection":[{"href":"https:\/\/campovecchio.fr\/en\/wp-json\/wp\/v2\/pages"}],"about":[{"href":"https:\/\/campovecchio.fr\/en\/wp-json\/wp\/v2\/types\/page"}],"author":[{"embeddable":true,"href":"https:\/\/campovecchio.fr\/en\/wp-json\/wp\/v2\/users\/1"}],"replies":[{"embeddable":true,"href":"https:\/\/campovecchio.fr\/en\/wp-json\/wp\/v2\/comments?post=2859"}],"version-history":[{"count":0,"href":"https:\/\/campovecchio.fr\/en\/wp-json\/wp\/v2\/pages\/2859\/revisions"}],"wp:attachment":[{"href":"https:\/\/campovecchio.fr\/en\/wp-json\/wp\/v2\/media?parent=2859"}],"curies":[{"name":"wp","href":"https:\/\/api.w.org\/{rel}","templated":true}]}}